{"id":70,"date":"2025-05-09T21:17:05","date_gmt":"2025-05-09T19:17:05","guid":{"rendered":"http:\/\/delphine-dupont-sophrologue.fr\/?page_id=70"},"modified":"2025-05-11T20:31:31","modified_gmt":"2025-05-11T18:31:31","slug":"public","status":"publish","type":"page","link":"https:\/\/delphine-dupont-sophrologue.fr\/?page_id=70","title":{"rendered":"Qui est concern\u00e9 ?"},"content":{"rendered":"\n<p class=\"has-text-align-center has-huge-font-size\" style=\"font-size:35px\">Enfants<\/p>\n\n\n<div class=\"wp-block-image is-style-default\">\n<figure class=\"aligncenter size-full is-resized\"><img loading=\"lazy\" decoding=\"async\" width=\"537\" height=\"358\" src=\"https:\/\/delphine-dupont-sophrologue.fr\/wp-content\/uploads\/2025\/05\/enfant.png\" alt=\"\" class=\"wp-image-103\" style=\"width:307px;height:auto\" srcset=\"https:\/\/delphine-dupont-sophrologue.fr\/wp-content\/uploads\/2025\/05\/enfant.png 537w, https:\/\/delphine-dupont-sophrologue.fr\/wp-content\/uploads\/2025\/05\/enfant-300x200.png 300w\" sizes=\"auto, (max-width: 537px) 100vw, 537px\" \/><\/figure>\n<\/div>\n\n\n<div class=\"wp-block-group is-nowrap is-layout-flex wp-container-core-group-is-layout-ad2f72ca wp-block-group-is-layout-flex\">\n<p class=\"has-text-align-center is-style-success has-medium-font-size\">La sophrologie est adapt\u00e9e pour les enfants \u00e0 partir de 5 ans. En travaillant avec le sch\u00e9ma corporel, elle permet de retrouver l&rsquo;\u00e9quilibre naturel de leurs sensations, \u00e9motions. Exercices, activit\u00e9s ludiques ou histoires rythmeront la s\u00e9ance. Gr\u00e2ce \u00e0 divers jeux, la s\u00e9ance sera plaisir ce qui rendra les r\u00e9sultats meilleurs.<\/p>\n<\/div>\n\n\n\n<div style=\"height:54px\" aria-hidden=\"true\" class=\"wp-block-spacer\"><\/div>\n\n\n\n<p class=\"has-text-align-center has-huge-font-size\" style=\"font-size:35px\">Adolescents<\/p>\n\n\n<div class=\"wp-block-image\">\n<figure class=\"aligncenter size-full is-resized\"><img loading=\"lazy\" decoding=\"async\" width=\"768\" height=\"512\" src=\"https:\/\/delphine-dupont-sophrologue.fr\/wp-content\/uploads\/2025\/05\/ado.png\" alt=\"\" class=\"wp-image-107\" style=\"width:305px;height:auto\" srcset=\"https:\/\/delphine-dupont-sophrologue.fr\/wp-content\/uploads\/2025\/05\/ado.png 768w, https:\/\/delphine-dupont-sophrologue.fr\/wp-content\/uploads\/2025\/05\/ado-300x200.png 300w\" sizes=\"auto, (max-width: 768px) 100vw, 768px\" \/><\/figure>\n<\/div>\n\n\n<p class=\"has-text-align-center is-style-success has-medium-font-size\">Les adolescents sont souvent en pleine transition, construction, ils peuvent donc tout remettre en question, douter de tout, \u00eatre en opposition ou en r\u00e9bellion. Ils ressentent beaucoup d&rsquo;\u00e9motions, parfois contradictoires et ont du mal \u00e0 les g\u00e9rer. La sophrologie va leur permettre d&rsquo;avoir un espace de libert\u00e9, une libert\u00e9 d&rsquo;expression sans jugement, et avec lui, proposer un protocole qu&rsquo;il validera afin qu&rsquo;il y adh\u00e8re au mieux. La sophrologie peut accompagner cette transition de vie ado\/adulte qui peut \u00eatre compliqu\u00e9e.<\/p>\n\n\n\n<div style=\"height:51px\" aria-hidden=\"true\" class=\"wp-block-spacer\"><\/div>\n\n\n\n<p class=\"has-text-align-center has-huge-font-size\" style=\"font-size:35px\">Adultes<\/p>\n\n\n<div class=\"wp-block-image\">\n<figure class=\"aligncenter size-full is-resized\"><img loading=\"lazy\" decoding=\"async\" width=\"537\" height=\"358\" src=\"https:\/\/delphine-dupont-sophrologue.fr\/wp-content\/uploads\/2025\/05\/24ecebca-067d-4d65-ac2c-2ac87d12a207.png\" alt=\"\" class=\"wp-image-121\" style=\"width:315px;height:auto\" srcset=\"https:\/\/delphine-dupont-sophrologue.fr\/wp-content\/uploads\/2025\/05\/24ecebca-067d-4d65-ac2c-2ac87d12a207.png 537w, https:\/\/delphine-dupont-sophrologue.fr\/wp-content\/uploads\/2025\/05\/24ecebca-067d-4d65-ac2c-2ac87d12a207-300x200.png 300w\" sizes=\"auto, (max-width: 537px) 100vw, 537px\" \/><\/figure>\n<\/div>\n\n\n<p class=\"has-text-align-center is-style-success has-medium-font-size\">La sophrologie peut vous aider et vous accompagner lors de diverses \u00e9tapes de votre vie. Les angoisses et le stress sont de plus en plus pr\u00e9sents dans notre vie, \u00e0 l&rsquo;aide d&rsquo;exercices de respiration et de visualisation, les angoisses peuvent \u00eatre mieux v\u00e9cues et disparaitre. Les \u00e9tapes de la vie, qu&rsquo;elles soient personnelles ou professionnelles, peuvent nous inqui\u00e9ter ou nous bloquer, la peur de l&rsquo;inconnu. La sophrologie peut aider \u00e0 passer ses caps et positiver pour notre futur.<\/p>\n\n\n\n<div style=\"height:36px\" aria-hidden=\"true\" class=\"wp-block-spacer\"><\/div>\n\n\n\n<p class=\"has-text-align-center has-huge-font-size\" style=\"font-size:35px\">Femmes enceintes<\/p>\n\n\n<div class=\"wp-block-image\">\n<figure class=\"aligncenter size-full is-resized\"><img loading=\"lazy\" decoding=\"async\" width=\"768\" height=\"512\" src=\"https:\/\/delphine-dupont-sophrologue.fr\/wp-content\/uploads\/2025\/05\/ChatGPT-Image-9-mai-2025-22_01_57.png\" alt=\"\" class=\"wp-image-112\" style=\"width:332px;height:auto\" srcset=\"https:\/\/delphine-dupont-sophrologue.fr\/wp-content\/uploads\/2025\/05\/ChatGPT-Image-9-mai-2025-22_01_57.png 768w, https:\/\/delphine-dupont-sophrologue.fr\/wp-content\/uploads\/2025\/05\/ChatGPT-Image-9-mai-2025-22_01_57-300x200.png 300w\" sizes=\"auto, (max-width: 768px) 100vw, 768px\" \/><\/figure>\n<\/div>\n\n\n<p class=\"has-text-align-center is-style-success has-medium-font-size\">Accueillir, accompagner et prendre soin de la femme enceinte qui peut-\u00eatre boulevers\u00e9e par les changements physiques, hormonaux, de sa vie. Aider \u00e0 vivre au mieux les premiers mouvements du b\u00e9b\u00e9, la communication avec mais aussi anticiper les angoisses de l&rsquo;accouchement, de l&rsquo;allaitement.<br>Le papa peut \u00e9galement se pr\u00e9parer \u00e0 la venue de b\u00e9b\u00e9, se lib\u00e9rer des angoisses possible pour cette nouvelle vie.<\/p>\n\n\n\n<div style=\"height:51px\" aria-hidden=\"true\" class=\"wp-block-spacer\"><\/div>\n\n\n\n<p class=\"has-text-align-center has-huge-font-size\" style=\"font-size:35px\">Personnes de l&rsquo;\u00e2ge d&rsquo;or<\/p>\n\n\n<div class=\"wp-block-image\">\n<figure class=\"aligncenter size-full is-resized\"><img loading=\"lazy\" decoding=\"async\" width=\"537\" height=\"358\" src=\"https:\/\/delphine-dupont-sophrologue.fr\/wp-content\/uploads\/2025\/05\/ChatGPT-Image-11-mai-2025-14_32_31.png\" alt=\"\" class=\"wp-image-126\" style=\"width:325px;height:auto\" srcset=\"https:\/\/delphine-dupont-sophrologue.fr\/wp-content\/uploads\/2025\/05\/ChatGPT-Image-11-mai-2025-14_32_31.png 537w, https:\/\/delphine-dupont-sophrologue.fr\/wp-content\/uploads\/2025\/05\/ChatGPT-Image-11-mai-2025-14_32_31-300x200.png 300w\" sizes=\"auto, (max-width: 537px) 100vw, 537px\" \/><\/figure>\n<\/div>\n\n\n<p class=\"has-text-align-center is-style-success has-medium-font-size\">La sophrologie permet d&rsquo;accompagner les jeunes retrait\u00e9s \u00e0 se construire une nouvelle vie, car oui le travail n&rsquo;est pas toute votre vie ! La sophrologie peut aider les retrait\u00e9s \u00e0 se pr\u00e9parer \u00e0 trouver de nouvelles activit\u00e9s possibles, de leur faire prendre conscience de toutes les capacit\u00e9s qu&rsquo;ils ont en eux, et \u00e0 bien vivre la suite de leurs vies.<\/p>\n\n\n\n<div style=\"height:37px\" aria-hidden=\"true\" class=\"wp-block-spacer\"><\/div>\n\n\n\n<p class=\"has-text-align-center has-huge-font-size\">Entreprises<\/p>\n\n\n<div class=\"wp-block-image\">\n<figure class=\"aligncenter size-full is-resized\"><img loading=\"lazy\" decoding=\"async\" width=\"537\" height=\"358\" src=\"https:\/\/delphine-dupont-sophrologue.fr\/wp-content\/uploads\/2025\/05\/ChatGPT-Image-11-mai-2025-14_26_20-1.png\" alt=\"\" class=\"wp-image-124\" style=\"width:354px;height:auto\" srcset=\"https:\/\/delphine-dupont-sophrologue.fr\/wp-content\/uploads\/2025\/05\/ChatGPT-Image-11-mai-2025-14_26_20-1.png 537w, https:\/\/delphine-dupont-sophrologue.fr\/wp-content\/uploads\/2025\/05\/ChatGPT-Image-11-mai-2025-14_26_20-1-300x200.png 300w\" sizes=\"auto, (max-width: 537px) 100vw, 537px\" \/><\/figure>\n<\/div>\n\n\n<div style=\"height:7px\" aria-hidden=\"true\" class=\"wp-block-spacer\"><\/div>\n\n\n\n<p class=\"has-text-align-center is-style-success has-medium-font-size\">Les s\u00e9ances sont collectives. La sophrologie s&rsquo;adapte \u00e0 toutes les entreprise et leurs besoins. Chaque salari\u00e9 a sa propre t\u00e2che et peut souhaiter travailler certains points (fatigue physique, charge mentales,&#8230;). <br>Un entretien initial est propos\u00e9 \u00e0 la personne \u00e0 l&rsquo;initiative de la demande.<br>Je vous \u00e9coute, prends en compte vos besoins, je vous expose une proposition de protocole avec explications et objectifs de chaque s\u00e9ance.<br>Il est recommand\u00e9 un minimum de 3 s\u00e9ances, mais les r\u00e9sultats seront meilleurs avec 5\/8 s\u00e9ances. Une s\u00e9ance de suivi apr\u00e8s 6 mois permettra d&rsquo;\u00e9valuer les r\u00e9sultats et les bienfaits des s\u00e9ances.<\/p>\n","protected":false},"excerpt":{"rendered":"<p>Enfants La sophrologie est adapt\u00e9e pour les enfants \u00e0 partir de 5 ans. En travaillant avec le sch\u00e9ma corporel, elle permet de retrouver l&rsquo;\u00e9quilibre naturel de leurs sensations, \u00e9motions. Exercices, activit\u00e9s ludiques ou histoires rythmeront la s\u00e9ance. Gr\u00e2ce \u00e0 divers jeux, la s\u00e9ance sera plaisir ce qui rendra les r\u00e9sultats meilleurs. Adolescents Les adolescents sont [&hellip;]<\/p>\n","protected":false},"author":1,"featured_media":0,"parent":0,"menu_order":0,"comment_status":"closed","ping_status":"closed","template":"","meta":{"_coblocks_attr":"InconsolataArial,Georgia,Helvetica,Barlow,","_coblocks_dimensions":"","_coblocks_responsive_height":"","_coblocks_accordion_ie_support":"","hide_page_title":"enabled","footnotes":""},"class_list":["post-70","page","type-page","status-publish","hentry"],"_links":{"self":[{"href":"https:\/\/delphine-dupont-sophrologue.fr\/index.php?rest_route=\/wp\/v2\/pages\/70","targetHints":{"allow":["GET"]}}],"collection":[{"href":"https:\/\/delphine-dupont-sophrologue.fr\/index.php?rest_route=\/wp\/v2\/pages"}],"about":[{"href":"https:\/\/delphine-dupont-sophrologue.fr\/index.php?rest_route=\/wp\/v2\/types\/page"}],"author":[{"embeddable":true,"href":"https:\/\/delphine-dupont-sophrologue.fr\/index.php?rest_route=\/wp\/v2\/users\/1"}],"replies":[{"embeddable":true,"href":"https:\/\/delphine-dupont-sophrologue.fr\/index.php?rest_route=%2Fwp%2Fv2%2Fcomments&post=70"}],"version-history":[{"count":16,"href":"https:\/\/delphine-dupont-sophrologue.fr\/index.php?rest_route=\/wp\/v2\/pages\/70\/revisions"}],"predecessor-version":[{"id":134,"href":"https:\/\/delphine-dupont-sophrologue.fr\/index.php?rest_route=\/wp\/v2\/pages\/70\/revisions\/134"}],"wp:attachment":[{"href":"https:\/\/delphine-dupont-sophrologue.fr\/index.php?rest_route=%2Fwp%2Fv2%2Fmedia&parent=70"}],"curies":[{"name":"wp","href":"https:\/\/api.w.org\/{rel}","templated":true}]}}