{"id":55,"date":"2025-01-26T15:45:13","date_gmt":"2025-01-26T14:45:13","guid":{"rendered":"http:\/\/delphine-dupont-sophrologue.fr\/?page_id=55"},"modified":"2025-11-13T15:24:06","modified_gmt":"2025-11-13T14:24:06","slug":"qui-suis-je","status":"publish","type":"page","link":"https:\/\/delphine-dupont-sophrologue.fr\/?page_id=55","title":{"rendered":"Qui suis-je ?"},"content":{"rendered":"\n<p class=\"has-text-align-center has-secondary-color has-text-color has-link-color has-medium-font-size wp-elements-a976c13ef1db5760bff2105b156210b2\">Je m&rsquo;appelle Delphine Dupont, j&rsquo;ai \u00e9t\u00e9 auxiliaire de pu\u00e9riculture pendant 19 ans et maman de 4 enfants depuis 14 ans. La vie est remplie d&rsquo;\u00e9tapes et d&#8217;emb\u00fbches, et de victoires aussi !!<\/p>\n\n\n\n<p class=\"has-text-align-center has-secondary-color has-text-color has-link-color has-medium-font-size wp-elements-548145bfd0f691cf9b7c319cf8dee369\">Mener de front ma vie professionnelle et ma vie personnelle avec cette grande famille de 4 enfants m&rsquo;a demand\u00e9 une \u00e9nergie importante et de l&rsquo;attention de tous les moments.<\/p>\n\n\n\n<p class=\"has-text-align-center has-secondary-color has-text-color has-link-color has-medium-font-size wp-elements-fc60b56b5b8a92e2b650ec707348f46c\">A la suite d&rsquo;un souci de sant\u00e9, j&rsquo;ai ressenti un besoin profond de ressourcement, je me suis alors orient\u00e9e vers la sophrologie et l&rsquo;aromath\u00e9rapie, cela m&rsquo;a \u00e9norm\u00e9ment apport\u00e9. Les exercices de respiration et les visualisations m&rsquo;ont aid\u00e9s \u00e0 traverser des moments plus compliqu\u00e9s et \u00e0 les vivre plus sereinement.<\/p>\n\n\n<div class=\"wp-block-image is-style-rounded\">\n<figure class=\"aligncenter size-large is-resized\"><img loading=\"lazy\" decoding=\"async\" width=\"1024\" height=\"535\" src=\"https:\/\/delphine-dupont-sophrologue.fr\/wp-content\/uploads\/2025\/05\/famille-1024x535.jpg\" alt=\"\" class=\"wp-image-129\" style=\"width:314px;height:auto\" srcset=\"https:\/\/delphine-dupont-sophrologue.fr\/wp-content\/uploads\/2025\/05\/famille-1024x535.jpg 1024w, https:\/\/delphine-dupont-sophrologue.fr\/wp-content\/uploads\/2025\/05\/famille-300x157.jpg 300w, https:\/\/delphine-dupont-sophrologue.fr\/wp-content\/uploads\/2025\/05\/famille-768x401.jpg 768w, https:\/\/delphine-dupont-sophrologue.fr\/wp-content\/uploads\/2025\/05\/famille-1536x802.jpg 1536w, https:\/\/delphine-dupont-sophrologue.fr\/wp-content\/uploads\/2025\/05\/famille-2048x1069.jpg 2048w\" sizes=\"auto, (max-width: 1024px) 100vw, 1024px\" \/><\/figure>\n<\/div>\n\n\n<p class=\"has-text-align-center has-secondary-color has-text-color has-link-color has-medium-font-size wp-elements-882db4f166f0fe28e73589f8d8d6c217\">Ma d\u00e9cision de me tourner vers la sophrologie a \u00e9t\u00e9 motiv\u00e9e par le d\u00e9sir d&rsquo;apporter bien-\u00eatre et soutien, notamment aux personnes sujettes au stress, ou aux angoisses. Mon exp\u00e9rience professionnelle et personnelle me permettent d&rsquo;adopter une approche empathique et bienveillante aupr\u00e8s des personnes qui viendront me consulter.<\/p>\n\n\n<div class=\"wp-block-image is-style-rounded\">\n<figure class=\"aligncenter size-large is-resized\"><img loading=\"lazy\" decoding=\"async\" width=\"1024\" height=\"521\" src=\"https:\/\/delphine-dupont-sophrologue.fr\/wp-content\/uploads\/2025\/05\/PHOTO-2025-04-02-21-17-51-1024x521.jpg\" alt=\"\" class=\"wp-image-131\" style=\"width:336px;height:auto\" srcset=\"https:\/\/delphine-dupont-sophrologue.fr\/wp-content\/uploads\/2025\/05\/PHOTO-2025-04-02-21-17-51-1024x521.jpg 1024w, https:\/\/delphine-dupont-sophrologue.fr\/wp-content\/uploads\/2025\/05\/PHOTO-2025-04-02-21-17-51-300x153.jpg 300w, https:\/\/delphine-dupont-sophrologue.fr\/wp-content\/uploads\/2025\/05\/PHOTO-2025-04-02-21-17-51-768x391.jpg 768w, https:\/\/delphine-dupont-sophrologue.fr\/wp-content\/uploads\/2025\/05\/PHOTO-2025-04-02-21-17-51.jpg 1317w\" sizes=\"auto, (max-width: 1024px) 100vw, 1024px\" \/><\/figure>\n<\/div>\n\n\n<p class=\"has-text-align-center has-secondary-color has-text-color has-link-color has-medium-font-size wp-elements-07d39e7fd2d18ff9e8769285cecac8be\">Dans mon cabinet, je m&rsquo;efforce de cr\u00e9er un environnement s\u00e9curisant et accueillant pour tous, afin d&rsquo;offrir un accompagnement personnalis\u00e9 sur le chemin du mieux-\u00eatre. A travers des s\u00e9ances de sophrologie, je m&rsquo;efforce de renforcer la confiance en soi, de r\u00e9duire le stress et de favoriser un \u00e9quilibre \u00e9motionnel.<\/p>\n\n\n\n<div style=\"height:26px\" aria-hidden=\"true\" class=\"wp-block-spacer\"><\/div>\n\n\n\n<p class=\"has-text-align-center has-secondary-color has-text-color has-link-color has-medium-font-size wp-elements-8b32580f936b204b96267404b88f0232\">De par ma formation et mon exp\u00e9rience avec le milieu de la petite enfance, je suis \u00e9galement en capacit\u00e9 de proposer des s\u00e9ances de sophrologie aux enfants, par exemple pour les aider dans la gestion de leurs \u00e9motions.<\/p>\n\n\n\n<p><\/p>\n\n\n\n<p class=\"has-text-align-center has-medium-font-size\"><strong>Delphine Dupont<\/strong><br><strong>20 ru du Bois St Mard, 60170 Tracy le Val<br>06.19.33.30.73<br>delphineboubetdupont@gmail.com<\/strong><\/p>\n\n\n\n<p><\/p>\n","protected":false},"excerpt":{"rendered":"<p>Je m&rsquo;appelle Delphine Dupont, j&rsquo;ai \u00e9t\u00e9 auxiliaire de pu\u00e9riculture pendant 19 ans et maman de 4 enfants depuis 14 ans. La vie est remplie d&rsquo;\u00e9tapes et d&#8217;emb\u00fbches, et de victoires aussi !! Mener de front ma vie professionnelle et ma vie personnelle avec cette grande famille de 4 enfants m&rsquo;a demand\u00e9 une \u00e9nergie importante et [&hellip;]<\/p>\n","protected":false},"author":1,"featured_media":0,"parent":0,"menu_order":0,"comment_status":"closed","ping_status":"closed","template":"","meta":{"_coblocks_attr":"ArialHelvetica,Times New Roman,Georgia,Barlow Condensed,Yrsa,Ubuntu,Rubik,Oswald,Merriweather,","_coblocks_dimensions":"","_coblocks_responsive_height":"","_coblocks_accordion_ie_support":"","hide_page_title":"enabled","footnotes":""},"class_list":["post-55","page","type-page","status-publish","hentry"],"_links":{"self":[{"href":"https:\/\/delphine-dupont-sophrologue.fr\/index.php?rest_route=\/wp\/v2\/pages\/55","targetHints":{"allow":["GET"]}}],"collection":[{"href":"https:\/\/delphine-dupont-sophrologue.fr\/index.php?rest_route=\/wp\/v2\/pages"}],"about":[{"href":"https:\/\/delphine-dupont-sophrologue.fr\/index.php?rest_route=\/wp\/v2\/types\/page"}],"author":[{"embeddable":true,"href":"https:\/\/delphine-dupont-sophrologue.fr\/index.php?rest_route=\/wp\/v2\/users\/1"}],"replies":[{"embeddable":true,"href":"https:\/\/delphine-dupont-sophrologue.fr\/index.php?rest_route=%2Fwp%2Fv2%2Fcomments&post=55"}],"version-history":[{"count":21,"href":"https:\/\/delphine-dupont-sophrologue.fr\/index.php?rest_route=\/wp\/v2\/pages\/55\/revisions"}],"predecessor-version":[{"id":239,"href":"https:\/\/delphine-dupont-sophrologue.fr\/index.php?rest_route=\/wp\/v2\/pages\/55\/revisions\/239"}],"wp:attachment":[{"href":"https:\/\/delphine-dupont-sophrologue.fr\/index.php?rest_route=%2Fwp%2Fv2%2Fmedia&parent=55"}],"curies":[{"name":"wp","href":"https:\/\/api.w.org\/{rel}","templated":true}]}}