{"id":156,"date":"2025-05-12T16:53:46","date_gmt":"2025-05-12T14:53:46","guid":{"rendered":"http:\/\/delphine-dupont-sophrologue.fr\/?page_id=156"},"modified":"2025-10-28T15:05:51","modified_gmt":"2025-10-28T14:05:51","slug":"deroule-dune-seance","status":"publish","type":"page","link":"https:\/\/delphine-dupont-sophrologue.fr\/?page_id=156","title":{"rendered":"D\u00e9roul\u00e9 d&rsquo;une s\u00e9ance"},"content":{"rendered":"\n<p><\/p>\n\n\n\n<p class=\"has-text-align-center\" style=\"font-size:40px\">La s\u00e9ance<\/p>\n\n\n\n<p><\/p>\n\n\n\n<p class=\"has-text-align-center\" style=\"font-size:20px\">La toute premi\u00e8re s\u00e9ance est l&rsquo;anamn\u00e8se, ce sera un moment d&rsquo;\u00e9change o\u00f9 vous pourrez me livrer tout ce que vous souhaitez, me dire ce que vous attendez de la sophrologie me posez toutes les questions que vous voulez. Durant ce rendez-vous, nous \u00e9changerons sur votre projet et par la suite nous ferons une SDB, Sophronisation De Base, c&rsquo;est un exercice qui permet de se recentrer sur soi et de se laisser \u00e0 un mieux-\u00eatre voire une d\u00e9tente du corps et de l&rsquo;esprit.<\/p>\n\n\n\n<figure class=\"wp-block-image\"><img loading=\"lazy\" decoding=\"async\" width=\"2560\" height=\"1435\" src=\"https:\/\/delphine-dupont-sophrologue.fr\/wp-content\/uploads\/2025\/05\/vecteezy_ai-generated-a-tranquil-spa-ambiance-featuring-a-water-lily_40474991-scaled.jpg\" alt=\"\" class=\"wp-image-147\" srcset=\"https:\/\/delphine-dupont-sophrologue.fr\/wp-content\/uploads\/2025\/05\/vecteezy_ai-generated-a-tranquil-spa-ambiance-featuring-a-water-lily_40474991-scaled.jpg 2560w, https:\/\/delphine-dupont-sophrologue.fr\/wp-content\/uploads\/2025\/05\/vecteezy_ai-generated-a-tranquil-spa-ambiance-featuring-a-water-lily_40474991-300x168.jpg 300w, https:\/\/delphine-dupont-sophrologue.fr\/wp-content\/uploads\/2025\/05\/vecteezy_ai-generated-a-tranquil-spa-ambiance-featuring-a-water-lily_40474991-1024x574.jpg 1024w, https:\/\/delphine-dupont-sophrologue.fr\/wp-content\/uploads\/2025\/05\/vecteezy_ai-generated-a-tranquil-spa-ambiance-featuring-a-water-lily_40474991-768x430.jpg 768w, https:\/\/delphine-dupont-sophrologue.fr\/wp-content\/uploads\/2025\/05\/vecteezy_ai-generated-a-tranquil-spa-ambiance-featuring-a-water-lily_40474991-1536x861.jpg 1536w, https:\/\/delphine-dupont-sophrologue.fr\/wp-content\/uploads\/2025\/05\/vecteezy_ai-generated-a-tranquil-spa-ambiance-featuring-a-water-lily_40474991-2048x1148.jpg 2048w\" sizes=\"auto, (max-width: 2560px) 100vw, 2560px\" \/><\/figure>\n\n\n\n<p><\/p>\n\n\n\n<p class=\"has-text-align-center\" style=\"font-size:20px\">Les s\u00e9ances suivantes se d\u00e9rouleront suivant un protocole que j&rsquo;aurai effectu\u00e9 \u00e0 l&rsquo;aide des \u00e9l\u00e9ments de notre premier rendez-vous.<\/p>\n\n\n\n<p class=\"has-text-align-center\" style=\"font-size:20px\">Chaque s\u00e9ance dure environ 1 heure, elles se d\u00e9roulent en 3 phases g\u00e9n\u00e9ralement avec des exercices dynamiques, des SDB, des visualisations ou autres exercices.<\/p>\n\n\n\n<p><\/p>\n\n\n\n<hr class=\"wp-block-separator has-alpha-channel-opacity\"\/>\n\n\n\n<p class=\"has-text-align-center has-medium-font-size\"><strong>Delphine Dupont<\/strong><br><strong>20 rue du bois st Mard, 60170 Tracy le val<\/strong><br><strong>06.19.33.30.73<\/strong><br><strong>delphineboubetdupont@gmail.com<\/strong><\/p>\n\n\n\n<p><\/p>\n","protected":false},"excerpt":{"rendered":"<p>La s\u00e9ance La toute premi\u00e8re s\u00e9ance est l&rsquo;anamn\u00e8se, ce sera un moment d&rsquo;\u00e9change o\u00f9 vous pourrez me livrer tout ce que vous souhaitez, me dire ce que vous attendez de la sophrologie me posez toutes les questions que vous voulez. Durant ce rendez-vous, nous \u00e9changerons sur votre projet et par la suite nous ferons une [&hellip;]<\/p>\n","protected":false},"author":1,"featured_media":0,"parent":0,"menu_order":0,"comment_status":"closed","ping_status":"closed","template":"","meta":{"_coblocks_attr":"","_coblocks_dimensions":"","_coblocks_responsive_height":"","_coblocks_accordion_ie_support":"","hide_page_title":"","footnotes":""},"class_list":["post-156","page","type-page","status-publish","hentry"],"_links":{"self":[{"href":"https:\/\/delphine-dupont-sophrologue.fr\/index.php?rest_route=\/wp\/v2\/pages\/156","targetHints":{"allow":["GET"]}}],"collection":[{"href":"https:\/\/delphine-dupont-sophrologue.fr\/index.php?rest_route=\/wp\/v2\/pages"}],"about":[{"href":"https:\/\/delphine-dupont-sophrologue.fr\/index.php?rest_route=\/wp\/v2\/types\/page"}],"author":[{"embeddable":true,"href":"https:\/\/delphine-dupont-sophrologue.fr\/index.php?rest_route=\/wp\/v2\/users\/1"}],"replies":[{"embeddable":true,"href":"https:\/\/delphine-dupont-sophrologue.fr\/index.php?rest_route=%2Fwp%2Fv2%2Fcomments&post=156"}],"version-history":[{"count":8,"href":"https:\/\/delphine-dupont-sophrologue.fr\/index.php?rest_route=\/wp\/v2\/pages\/156\/revisions"}],"predecessor-version":[{"id":194,"href":"https:\/\/delphine-dupont-sophrologue.fr\/index.php?rest_route=\/wp\/v2\/pages\/156\/revisions\/194"}],"wp:attachment":[{"href":"https:\/\/delphine-dupont-sophrologue.fr\/index.php?rest_route=%2Fwp%2Fv2%2Fmedia&parent=156"}],"curies":[{"name":"wp","href":"https:\/\/api.w.org\/{rel}","templated":true}]}}